{"id":5,"date":"2020-02-04T14:24:33","date_gmt":"2020-02-04T13:24:33","guid":{"rendered":"https:\/\/www.logot.cz\/index.php\/mesmerize\/"},"modified":"2025-03-19T17:37:51","modified_gmt":"2025-03-19T16:37:51","slug":"mesmerize","status":"publish","type":"page","link":"https:\/\/www.logot.cz\/","title":{"rendered":"Front Page"},"content":{"rendered":"<div  id=\"uvod\" style=\"background-color: #ffffff;\" data-label=\"Uvod\" data-id=\"overlappable-4\" data-export-id=\"overlappable-4\" data-category=\"overlappable\" class=\"overlappable-4 content-section content-section-spacing\" data-overlap=\"true\"><div  class=\"gridContainer\"> <div  data-type=\"row\" class=\"row spaced-cols text-center\"><div  class=\"col-xs-12 col-sm-4 col-padding\"> <i  class=\"fa icon shadow-large-black aligncenter color1 fa-truck reverse round large\"><\/i> <div  data-type=\"column\" class=\"\"> <h5  class=\"\">POKRO\u010cIL\u00c9 LOGISTICK\u00c9 N\u00c1STROJE<\/h5> <p  class=\"\">Projekt LOGOT obsahuje pokro\u010dil\u00e9 n\u00e1stroje pro optimalizaci logistick\u00fdch proces\u016f a t\u00edm maximalizaci jej\u00ed efektivity<\/p><\/div> <\/div> <div  class=\"col-xs-12 col-sm-4 col-padding\"> <i  class=\"fa icon shadow-large-black aligncenter color1 fa-shopping-cart reverse round large\"><\/i> <div  data-type=\"column\" class=\"\"><h5  class=\"\">AUTOMATIZACE N\u00c1KUPU<\/h5> <p  class=\"\">Projekt LOGOT obsahuje pokro\u010dil\u00e9 n\u00e1stroje pro automatizaci n\u00e1kupn\u00edch proces\u016f a t\u00edm v\u00e1m pom\u016f\u017ee maximalizovat jejich efektivitu<\/p><\/div> <\/div> <div  class=\"col-xs-12 col-sm-4 col-padding\"> <i  class=\"fa icon shadow-large-black aligncenter color1 fa-line-chart reverse round large\"><\/i> <div  data-type=\"column\" class=\"\"><h5  class=\"\">OPTIMALIZACE N\u00c1KLAD\u016e E-COMMERCE<\/h5> <p  class=\"\">Projekt LOGOT obsahuje n\u00e1stroje pro sn\u00ed\u017een\u00ed a optimalizaci n\u00e1klad\u016f v e-commerce<\/p><\/div> <\/div><\/div> <\/div><\/div><div  id=\"oprojektu\" style=\"background-color: #f5fafd;\" data-label=\"Oprojektu\" data-id=\"about-1\" data-export-id=\"about-1\" data-category=\"about\" class=\"about-1 content-section\"><div  class=\"gridContainer\"> <div  class=\"row text-center\"><div  class=\"section-title-col\" data-type=\"column\">  <h2  class=\"\">Co je LOGOT?<\/h2> <p  class=\"lead\">Aktu\u00e1ln\u011b vyv\u00edjen\u00e9 \u0159e\u0161en\u00ed LOGOT je automatizovan\u00e9 \u0159e\u0161en\u00ed pro n\u00e1kup a logistiku nov\u00e9 generace s prvky <br >Pr\u016fmyslu 4.0. N\u00e1zev LOGOT  vznikl spojen\u00edm dvou slov (logistika a robot) a asociuje filosofii cel\u00e9ho \u0159e\u0161en\u00ed \u2013 zv\u00fd\u0161en\u00ed m\u00edry automatizace logistick\u00fdch a n\u00e1kupn\u00edch proces\u016f pro zv\u00fd\u0161en\u00ed konkurenceschopnosti. <\/p><\/div> <\/div> <div  class=\"row\"> <div  class=\"button-holder space-bottom space-bottom-small\" data-type=\"column\"> <\/div> <div  class=\"col-xs bottom-xs flexbox image-group-bottom-3-img space-bottom-xs center-xs\"> <img  decoding=\"async\" class=\"left-img shadow-large-black\" data-size=\"500x300\" src=\"https:\/\/www.logot.cz\/wp-content\/uploads\/2020\/02\/cropped-sourcetoday_3056_warehouse_897280394.png\" alt=\"\" title=\"cropped-sourcetoday_3056_warehouse_897280394.png\"> <img  decoding=\"async\" class=\"center-img shadow-large-black\" data-size=\"500x300\" src=\"https:\/\/www.logot.cz\/wp-content\/uploads\/2020\/02\/cropped-Modulo-Logistica-Magazzino.jpg\" alt=\"\" title=\"cropped-Modulo-Logistica-Magazzino.jpg\"> <img  decoding=\"async\" class=\"right-img shadow-large-black\" data-size=\"500x300\" src=\"https:\/\/www.logot.cz\/wp-content\/uploads\/2020\/02\/cropped-Modern_warehouse_with_pallet_rack_storage_system.jpg\"><\/div> <\/div><\/div> <\/div><div  id=\"funkce\" style=\"background-color: #ffffff;\" data-label=\"Funkce\" data-id=\"features-12-card-bordered\" data-export-id=\"features-12-card-bordered\" data-category=\"features\" class=\"features-12-card-bordered content-section content-section-spacing \"><div  class=\"gridContainer\"> <div  class=\"row text-center\"><div  class=\"section-title-col\" data-type=\"column\"> <h2  class=\"\">Funkce \u0159e\u0161en\u00ed LOGOT<\/h2> <p  class=\"lead\">\u0158e\u0161en\u00ed LOGOT nab\u00edz\u00ed \u0159adu funkc\u00ed pro automatizaci a optimalizaci n\u00e1kupn\u00edch a logistick\u00fdch proces\u016f<\/p><\/div> <\/div> <div  class=\"row spaced-cols center-sm content-left-sm\" data-type=\"row\"> <div  class=\"col-sm-6\"> <div  class=\"card row-card bordered y-move\"> <div  class=\"row\"> <div  class=\"col-sm-fit icon-column\"> <i  class=\"fa icon color2 fa-compass bordered round\"><\/i> <\/div> <div  class=\"col-sm\" data-type=\"column\"> <h5  class=\"color2\">ADRESOVAN\u00dd SKLAD A VYHLED\u00c1V\u00c1N\u00cd ZBO\u017d\u00cd<\/h5> <p  class=\"\">Adresov\u00e1n\u00ed skladu a n\u00e1sledn\u00e1 optimalizace ukl\u00e1d\u00e1n\u00ed zbo\u017e\u00ed je \u0159\u00edzena pomoc\u00ed speci\u00e1ln\u00edho software nainstalovan\u00e9ho na ru\u010dn\u00edch bezdr\u00e1tov\u00fdch \u010dte\u010dk\u00e1ch. Syst\u00e9m tak\u00e9 obsahuje softwarovou nadstavbu pro sb\u011br dat pomoc\u00ed IoT.<\/p><\/div> <\/div><\/div> <\/div> <div  class=\"col-sm-6\"> <div  class=\"card row-card bordered y-move\"> <div  class=\"row\"> <div  class=\"col-sm-fit icon-column\"> <i  class=\"fa icon color2 fa-area-chart bordered round\"><\/i> <\/div> <div  class=\"col-sm\" data-type=\"column\"> <h5  class=\"color2\">AUTOMATIZACE CENOTVORBY A SORTIMENTU<\/h5> <p  class=\"\">Syst\u00e9m umo\u017e\u0148uje zjistit, kter\u00e9 zbo\u017e\u00ed dostupn\u00e9 na trhu nem\u00e1te v nab\u00eddce a obsahovat n\u00e1stroje pro jeho automatick\u00e9 za\u0159azen\u00ed. <br >Syst\u00e9m tak\u00e9 dok\u00e1\u017ee spo\u010d\u00edtat optim\u00e1ln\u00ed cenu a spr\u00e1vnou dostupnost u nab\u00edzen\u00e9ho zbo\u017e\u00ed.<\/p><\/div> <\/div><\/div> <\/div> <div  class=\"col-sm-6\"> <div  class=\"card row-card bordered y-move\"> <div  class=\"row\"> <div  class=\"col-sm-fit icon-column\"> <i  class=\"fa icon fa-cube round bordered color2\"><\/i> <\/div> <div  class=\"col-sm\" data-type=\"column\"> <h5  class=\"color2\">OPTIMALIZACE PROCES\u016e OSOBN\u00cdHO V\u00ddDEJE ZBO\u017d\u00cd<\/h5> <p  class=\"\">Po\u0159adov\u00fd syst\u00e9m nov\u00e9 generace, kter\u00fd slou\u017e\u00ed pro p\u0159\u00edm\u00e9 vyd\u00e1v\u00e1n\u00ed zbo\u017e\u00ed z\u00e1kazn\u00edk\u016fm, zpracov\u00e1n\u00ed objedn\u00e1vek z e-shopu a sb\u011br dat. Tak\u00e9 \u0159\u00edd\u00ed \u010dinnosti na sklad\u011b podle spravovan\u00fdch objedn\u00e1vek.<\/p><\/div> <\/div><\/div> <\/div> <div  class=\"col-sm-6\"> <div  class=\"card row-card bordered y-move\"> <div  class=\"row\"> <div  class=\"col-sm-fit icon-column\"> <i  class=\"fa icon color2 fa-shopping-cart bordered round\"><\/i> <\/div> <div  class=\"col-sm\" data-type=\"column\"> <h5  class=\"color2\">AUTOMATIZACE N\u00c1KUPU ZBO\u017d\u00cd OD DODAVATEL\u016e<\/h5> <p  class=\"\">Syst\u00e9m st\u00e1hne p\u0159ehledy zbo\u017e\u00ed jednotliv\u00fdch dodavatel\u016f a porovn\u00e1 zbo\u017e\u00ed mezi sebou podle kl\u00ed\u010dov\u00fdch parametr\u016f. Syst\u00e9m pot\u00e9 na z\u00e1klad\u011b dat z minulosti ur\u010d\u00ed optim\u00e1ln\u00ed mno\u017estv\u00ed nakupovan\u00e9ho zbo\u017e\u00ed.<\/p><\/div> <\/div><\/div> <\/div><div  class=\"col-sm-6\"> <div  class=\"card row-card bordered y-move\"> <div  class=\"row\"> <div  class=\"col-sm-fit icon-column\"> <i  class=\"fa icon color2 fa-bar-chart-o bordered round\"><\/i> <\/div> <div  class=\"col-sm\" data-type=\"column\"> <h5  class=\"color2\">OPTIMALIZACE P\u0158\u00cdJMU ZBO\u017d\u00cd NA SKLAD A TECHNICK\u00c9 \u0158E\u0160EN\u00cd KONTROLY ZBO\u017d\u00cd<\/h5> <p  class=\"\">Syst\u00e9m nep\u0159etr\u017eit\u011b sleduje procesy p\u0159\u00edjmu zbo\u017e\u00ed a kontroluje chov\u00e1n\u00ed skladn\u00edk\u016f. Dok\u00e1\u017ee upozor\u0148ovat na chyby a analyzovat chov\u00e1n\u00ed pomoc\u00ed algoritm\u016f strojov\u00e9ho u\u010den\u00ed pro prevenci jejich n\u00e1sledn\u00e9ho opakov\u00e1n\u00ed.<\/p><\/div> <\/div><\/div> <\/div><div  class=\"col-sm-6\"> <div  class=\"card row-card bordered y-move\"> <div  class=\"row\"> <div  class=\"col-sm-fit icon-column\"> <i  class=\"fa icon color2 fa-truck bordered round\"><\/i> <\/div> <div  class=\"col-sm\" data-type=\"column\"> <h5  class=\"color2\">OPTIMALIZACE A AUTOMATIZACE DOPRAVY ZBO\u017d\u00cd \n<br >K Z\u00c1KAZN\u00cdKOVI<\/h5> <p  class=\"\">Syst\u00e9m je schopen rozhodovat, jak\u00fdm zp\u016fsobem ur\u010dit\u00e9 zbo\u017e\u00ed expedovat vzhledem k dostupnosti na skladu, poloze skladu dodavatele, m\u00edsta doru\u010den\u00ed a \u010dasu doru\u010den\u00ed. Podle toho rozhodne, zdali zbo\u017e\u00ed expedovat p\u0159\u00edmo od dodavatele.<\/p><\/div> <\/div><\/div> <\/div><div  class=\"col-sm-6\"> <div  class=\"card row-card bordered y-move\"> <div  class=\"row\"> <div  class=\"col-sm-fit icon-column\"> <i  class=\"fa icon color2 fa-cogs bordered round\"><\/i> <\/div> <div  class=\"col-sm\" data-type=\"column\"> <h5  class=\"color2\">BALEN\u00cd ZBO\u017d\u00cd A P\u0158\u00cdPRAVA ZBO\u017d\u00cd K EXPEDICI<\/h5> <p  class=\"\">Syst\u00e9m dok\u00e1\u017ee sledovat chov\u00e1n\u00ed zam\u011bstnanc\u016f p\u0159i balen\u00ed a p\u0159\u00edprav\u011b zbo\u017e\u00ed k expedici a identifikovat vznikl\u00e9 chybov\u00e9 situace a upozornit na n\u011b. Tak\u00e9 dok\u00e1\u017ee pomoc\u00ed algoritm\u016f strojov\u00e9ho u\u010den\u00ed t\u011bmto situac\u00edm p\u0159edch\u00e1zet.<\/p><\/div> <\/div><\/div> <\/div><div  class=\"col-sm-6\"> <div  class=\"card row-card bordered y-move\"> <div  class=\"row\"> <div  class=\"col-sm-fit icon-column\"> <i  class=\"fa icon color2 fa-wrench bordered round\"><\/i> <\/div> <div  class=\"col-sm\" data-type=\"column\"> <h5  class=\"color2\">LOGISTIKA SPOJEN\u00c1 SE SERVISEM PRODAN\u00c9HO ZBO\u017d\u00cd<\/h5> <p  class=\"\">\u0158e\u0161en\u00ed pro logistiku servisu a servisn\u00ed podpory. To se t\u00fdk\u00e1 objedn\u00e1v\u00e1n\u00ed pot\u0159ebn\u00fdch n\u00e1hradn\u00edch d\u00edl\u016f, recyklace pou\u017e\u00edvan\u00fdch v\u00fdrobk\u016f i podpory z\u00e1kazn\u00edk\u016f na d\u00e1lku.<\/p><\/div> <\/div><\/div> <\/div><\/div> <\/div><\/div><div  id=\"partners\" style=\"background-color: #ffffff;\" data-label=\"Partners\" data-id=\"testimonials-5\" data-export-id=\"testimonials-5\" data-category=\"testimonials\" class=\"testimonials-5 content-section content-section-spacing\"><div  class=\"gridContainer\"> <div  class=\"row\"><div  data-type=\"column\" class=\"section-title-col\"> <h2  class=\"\">Partne\u0159i projektu LOGOT<\/h2> <\/div> <\/div> <div  class=\"row spaced-cols content-center-sm center-sm\" data-type=\"row\">  <div  class=\"col-sm-4\"> <div  class=\"card y-move bordered\" data-type=\"column\">    <a data-cp-link=\"1\" href=\"https:\/\/www.mrcloud.cz\" class=\"\" target=\"_blank\" rel=\"noopener\"><img  decoding=\"async\" class=\"custom-image\" src=\"https:\/\/www.logot.cz\/wp-content\/uploads\/2020\/02\/mr-cloud-01.png\" alt=\"\" title=\"mr-cloud-01\"><\/a><h6  class=\"\">Mr. Cloud s.r.o.<\/h6> <p  class=\"small italic\">Zakl\u00e1daj\u00edc\u00ed \u0159e\u0161itel projektu<\/p><\/div> <\/div><div  class=\"col-sm-4\"> <div  class=\"card y-move bordered\" data-type=\"column\">    <a data-cp-link=\"1\" href=\"https:\/\/www.mrcloud.cz\/projekt-logot\" class=\"\" target=\"_blank\" rel=\"noopener\"><img  decoding=\"async\" class=\"custom-image\" src=\"https:\/\/www.logot.cz\/wp-content\/uploads\/2020\/02\/eu.jpg\" alt=\"\" title=\"logo_mironet_c\"><\/a><h6  class=\"\">EVROPSK\u00c1 UNIE<\/h6> <p  class=\"small italic\">Tento projekt je spolufinancov\u00e1n Evropskou uni\u00ed.<\/p><\/div> <\/div> <div  class=\"col-sm-4\"> <div  class=\"card y-move bordered\" data-type=\"column\">    <a data-cp-link=\"1\" href=\"https:\/\/www.itpeoplecz.cz\" class=\"\" target=\"_blank\" rel=\"noopener\"><img  decoding=\"async\" class=\"custom-image\" src=\"https:\/\/www.logot.cz\/wp-content\/uploads\/2025\/03\/Cerne-Platforma-1.png\" alt=\"\" title=\"mr-cloud-01\"><\/a><h6  class=\"\">Technologick\u00e1 platforma IT People<\/h6> <p  class=\"small italic\">Klastrov\u00e1 organizace<\/p><\/div> <\/div><\/div> <\/div><\/div><div  id=\"contact-1\" data-label=\"Contact\" data-id=\"contact-1\" data-export-id=\"contact-1\" data-category=\"contact\" class=\"contact-1 content-section content-section-spacing white-text\" data-parallax-depth=\"20\" style=\"background-size: cover; background-position: center top; background-image: url(&quot;https:\/\/www.logot.cz\/wp-content\/uploads\/2020\/02\/sklad-1.jpg&quot;);\"><div  class=\"gridContainer\"> <div  class=\"row text-center\"><div  class=\"section-title-col\" data-type=\"column\"> <h2  class=\"\">Kontaktujte n\u00e1s<\/h2> <\/div> <\/div> <div  class=\"row text-center\"> <div  class=\"col-xs-12 col-sm-8 col-sm-offset-2 contact-form-wrapper inline-info\"> <div  class=\"card large-padding\"> <div  class=\"\" data-content-shortcode=\"mesmerize_contact_form shortcode=&quot;contact-form-7 id=&amp;amp;quot;74&amp;amp;quot; title=&amp;amp;quot;Kontaktn\u00ed formul\u00e1\u0159 1&amp;amp;quot;&quot;\" data-editable=\"true\">\n<div class=\"wpcf7 no-js\" id=\"wpcf7-f74-o1\" lang=\"cs-CZ\" dir=\"ltr\">\n<div class=\"screen-reader-response\"><p role=\"status\" aria-live=\"polite\" aria-atomic=\"true\"><\/p> <ul><\/ul><\/div>\n<form action=\"\/index.php\/wp-json\/wp\/v2\/pages\/5#wpcf7-f74-o1\" method=\"post\" class=\"wpcf7-form init\" aria-label=\"Kontaktn\u00ed formul\u00e1\u0159\" novalidate=\"novalidate\" data-status=\"init\">\n<div style=\"display: none;\">\n<input type=\"hidden\" name=\"_wpcf7\" value=\"74\" \/>\n<input type=\"hidden\" name=\"_wpcf7_version\" value=\"5.9.8\" \/>\n<input type=\"hidden\" name=\"_wpcf7_locale\" value=\"cs_CZ\" \/>\n<input type=\"hidden\" name=\"_wpcf7_unit_tag\" value=\"wpcf7-f74-o1\" \/>\n<input type=\"hidden\" name=\"_wpcf7_container_post\" value=\"0\" \/>\n<input type=\"hidden\" name=\"_wpcf7_posted_data_hash\" value=\"\" \/>\n<\/div>\n<p><label> Va\u0161e jm\u00e9no (vy\u017eadov\u00e1no)<br \/>\n<span class=\"wpcf7-form-control-wrap\" data-name=\"your-name\"><input size=\"40\" maxlength=\"400\" class=\"wpcf7-form-control wpcf7-text wpcf7-validates-as-required\" aria-required=\"true\" aria-invalid=\"false\" value=\"\" type=\"text\" name=\"your-name\" \/><\/span> <\/label>\n<\/p>\n<p><label> V\u00e1\u0161 e-mail (vy\u017eadov\u00e1no)<br \/>\n<span class=\"wpcf7-form-control-wrap\" data-name=\"your-email\"><input size=\"40\" maxlength=\"400\" class=\"wpcf7-form-control wpcf7-email wpcf7-validates-as-required wpcf7-text wpcf7-validates-as-email\" aria-required=\"true\" aria-invalid=\"false\" value=\"\" type=\"email\" name=\"your-email\" \/><\/span> <\/label>\n<\/p>\n<p><label> P\u0159edm\u011bt<br \/>\n<span class=\"wpcf7-form-control-wrap\" data-name=\"your-subject\"><input size=\"40\" maxlength=\"400\" class=\"wpcf7-form-control wpcf7-text\" aria-invalid=\"false\" value=\"\" type=\"text\" name=\"your-subject\" \/><\/span> <\/label>\n<\/p>\n<p><label> Va\u0161e zpr\u00e1va<br \/>\n<span class=\"wpcf7-form-control-wrap\" data-name=\"your-message\"><textarea cols=\"40\" rows=\"10\" maxlength=\"2000\" class=\"wpcf7-form-control wpcf7-textarea\" aria-invalid=\"false\" name=\"your-message\"><\/textarea><\/span> <\/label>\n<\/p>\n<p><input class=\"wpcf7-form-control wpcf7-submit has-spinner\" type=\"submit\" value=\"Odeslat\" \/>\n<\/p><div class=\"wpcf7-response-output\" aria-hidden=\"true\"><\/div>\n<\/form>\n<\/div>\n<\/div><\/div> <\/div><\/div> <\/div><\/div>","protected":false},"excerpt":{"rendered":"<p>POKRO\u010cIL\u00c9 LOGISTICK\u00c9 N\u00c1STROJE Projekt LOGOT obsahuje pokro\u010dil\u00e9 n\u00e1stroje pro optimalizaci logistick\u00fdch proces\u016f a t\u00edm maximalizaci jej\u00ed efektivity AUTOMATIZACE N\u00c1KUPU Projekt LOGOT obsahuje pokro\u010dil\u00e9 n\u00e1stroje pro automatizaci n\u00e1kupn\u00edch proces\u016f a t\u00edm v\u00e1m pom\u016f\u017ee maximalizovat jejich efektivitu OPTIMALIZACE N\u00c1KLAD\u016e E-COMMERCE Projekt LOGOT obsahuje n\u00e1stroje pro sn\u00ed\u017een\u00ed a optimalizaci n\u00e1klad\u016f v e-commerce Co je LOGOT? Aktu\u00e1ln\u011b vyv\u00edjen\u00e9 \u0159e\u0161en\u00ed&hellip; <br \/> <a class=\"read-more\" href=\"https:\/\/www.logot.cz\/\">V\u00edce<\/a><\/p>\n","protected":false},"author":1,"featured_media":0,"parent":0,"menu_order":0,"comment_status":"closed","ping_status":"closed","template":"page-templates\/homepage.php","meta":{"footnotes":""},"class_list":["post-5","page","type-page","status-publish","hentry"],"_links":{"self":[{"href":"https:\/\/www.logot.cz\/index.php\/wp-json\/wp\/v2\/pages\/5"}],"collection":[{"href":"https:\/\/www.logot.cz\/index.php\/wp-json\/wp\/v2\/pages"}],"about":[{"href":"https:\/\/www.logot.cz\/index.php\/wp-json\/wp\/v2\/types\/page"}],"author":[{"embeddable":true,"href":"https:\/\/www.logot.cz\/index.php\/wp-json\/wp\/v2\/users\/1"}],"replies":[{"embeddable":true,"href":"https:\/\/www.logot.cz\/index.php\/wp-json\/wp\/v2\/comments?post=5"}],"version-history":[{"count":32,"href":"https:\/\/www.logot.cz\/index.php\/wp-json\/wp\/v2\/pages\/5\/revisions"}],"predecessor-version":[{"id":149,"href":"https:\/\/www.logot.cz\/index.php\/wp-json\/wp\/v2\/pages\/5\/revisions\/149"}],"wp:attachment":[{"href":"https:\/\/www.logot.cz\/index.php\/wp-json\/wp\/v2\/media?parent=5"}],"curies":[{"name":"wp","href":"https:\/\/api.w.org\/{rel}","templated":true}]}}