{"id":129,"date":"2022-03-13T11:56:16","date_gmt":"2022-03-13T10:56:16","guid":{"rendered":"https:\/\/www.logot.cz\/index.php\/zasady-cookies-eu\/"},"modified":"2022-03-13T11:56:16","modified_gmt":"2022-03-13T10:56:16","slug":"zasady-cookies-eu","status":"publish","type":"page","link":"https:\/\/www.logot.cz\/index.php\/zasady-cookies-eu\/","title":{"rendered":"Z\u00e1sady cookies (EU)"},"content":{"rendered":"Oblast EU nen\u00ed aktivov\u00e1na pro cookie-statement.","protected":false},"excerpt":{"rendered":"","protected":false},"author":1,"featured_media":0,"parent":0,"menu_order":0,"comment_status":"closed","ping_status":"closed","template":"","meta":{"footnotes":""},"class_list":["post-129","page","type-page","status-publish","hentry"],"_links":{"self":[{"href":"https:\/\/www.logot.cz\/index.php\/wp-json\/wp\/v2\/pages\/129"}],"collection":[{"href":"https:\/\/www.logot.cz\/index.php\/wp-json\/wp\/v2\/pages"}],"about":[{"href":"https:\/\/www.logot.cz\/index.php\/wp-json\/wp\/v2\/types\/page"}],"author":[{"embeddable":true,"href":"https:\/\/www.logot.cz\/index.php\/wp-json\/wp\/v2\/users\/1"}],"replies":[{"embeddable":true,"href":"https:\/\/www.logot.cz\/index.php\/wp-json\/wp\/v2\/comments?post=129"}],"version-history":[{"count":0,"href":"https:\/\/www.logot.cz\/index.php\/wp-json\/wp\/v2\/pages\/129\/revisions"}],"wp:attachment":[{"href":"https:\/\/www.logot.cz\/index.php\/wp-json\/wp\/v2\/media?parent=129"}],"curies":[{"name":"wp","href":"https:\/\/api.w.org\/{rel}","templated":true}]}}